{"id":80,"date":"2024-01-08T22:27:50","date_gmt":"2024-01-08T21:27:50","guid":{"rendered":"https:\/\/www.velkymalyprinc.sk\/?page_id=80"},"modified":"2025-01-26T20:44:33","modified_gmt":"2025-01-26T19:44:33","slug":"vilko-aktualne","status":"publish","type":"page","link":"https:\/\/www.velkymalyprinc.sk\/?page_id=80","title":{"rendered":"Vilko aktu\u00e1lne"},"content":{"rendered":"\n<h2 class=\"wp-block-heading\">Vilko aktu\u00e1lne<\/h2>\n\n\n\n<figure class=\"wp-block-image size-full is-resized\"><img loading=\"lazy\" decoding=\"async\" width=\"414\" height=\"405\" src=\"https:\/\/www.velkymalyprinc.sk\/wp-content\/uploads\/2025\/01\/3.png\" alt=\"\" class=\"wp-image-269\" style=\"width:446px\" srcset=\"https:\/\/www.velkymalyprinc.sk\/wp-content\/uploads\/2025\/01\/3.png 414w, https:\/\/www.velkymalyprinc.sk\/wp-content\/uploads\/2025\/01\/3-300x293.png 300w\" sizes=\"auto, (max-width: 414px) 100vw, 414px\" \/><\/figure>\n\n\n\n<p class=\"has-text-align-center\"><strong>Janu\u00e1r 2025<\/strong><\/p>\n\n\n\n<p class=\"has-text-align-center\">\u0164a\u017eko sa kvantifikuje a&nbsp;d\u00e1va do slov, \u010do Vilko za posledn\u00fd rok dok\u00e1zal. S\u00fa to zmeny doslova mal\u00e9, malinkat\u00e9, no v\u00fdznamovo pre n\u00e1s ve\u013ek\u00e9 a\u017e obrovsk\u00e9. Od augusta je Vilu\u0161ko v&nbsp;intenz\u00edvnej ABA terapii, kde ho terapeutka Ivka pod\u013ea pl\u00e1nu driluje r\u00f4zne veci \u2013 pos\u00fava komunik\u00e1ciu, porozumenie in\u0161trukcii: \u201eurob toto\u201c, napodob\u0148ovanie, tr\u00e9nuj\u00fa na toalete a&nbsp;u\u010d\u00ed ho pou\u017e\u00edva\u0165 znaky. Na tom najviac mak\u00e1me aj doma. Nau\u010dil sa u\u017e uk\u00e1za\u0165 \u201e\u010d\u00edtaj\u201c a&nbsp;\u201epi\u0161k\u00f3ta\u201c, sme na dobrej ceste so znakom \u201e\u010d\u00edtaj\u201c a \u201ehore\u201c sa nau\u010dil behom jedn\u00e9ho d\u0148a doma. Ke\u010f\u017ee som jeho TOP najob\u013e\u00fabenej\u0161iu kni\u017eku dala na nov\u00e9 miesto \u201ehore\u201c. Bol tak motivovan\u00fd ju dosta\u0165 , \u017ee dv\u00edhal r\u00fa\u010dky o&nbsp;sto \u0161es\u0165! Je to v\u0161ak z\u00e1sluhou pr\u00e1ve nieko\u013eko mesa\u010dn\u00e9ho drilu, \u017ee odomkol tento m\u00ed\u013enik \u2013 \u201eviem si komunik\u00e1ciou \/ znakom nie\u010do vyp\u00fdta\u0165\u201c. Nau\u010dil sa nov\u00e9 zvuky pre zvieratk\u00e1 \u2013 u\u017e vie kravu, opicu, prasa, leva, sliepku, ma\u010di\u010dku a&nbsp;novinkou je havko.<\/p>\n\n\n\n<p class=\"has-text-align-center\">Je vedomej\u0161\u00ed, pr\u00edtomn\u00fd a&nbsp;\u010das kedy vydr\u017e\u00ed pri nejakej \u010dinnosti \u010di u\u017e za stolom alebo na zemi pri hre r\u00e1tame na min\u00faty a\u017e \u0161tvr\u0165hodiny nie na sekundy. Z\u00e1rove\u0148 zr\u00fdchlil! Von a&nbsp;na ihrisk\u00e1 s&nbsp;n\u00edm chod\u00edme u\u017e len v&nbsp;be\u017eeck\u00fdch tenisk\u00e1ch. Prech\u00e1dzka vyzer\u00e1 ako nie\u010do medzi poklusom a&nbsp;n\u00e1sledne dramatick\u00fdm \u0161printom,&nbsp; ke\u010f \u010do ja viem k\u00fa\u0161e br\u00e1nu, \u010do by nemal alebo utek\u00e1 kam by rozhodne nemal. Prestali mu sta\u010di\u0165 jednoslovn\u00e9 pomenovania vec\u00ed a&nbsp;predmetov v&nbsp;knihe. K\u00fdm doteraz sta\u010dilo \u201eauto\u201c\/&nbsp; \u201echobotnica\u201c, potrebuje teraz cel\u00e9 vety: \u201eauto je zelen\u00e9 a&nbsp;ide po ceste\u201c, \u201echobotnica pl\u00e1va v&nbsp;mori a&nbsp;je slizk\u00e1\u201c. Roz\u0161iruje si t\u00fdm porozumenie a&nbsp;poznanie sveta.<\/p>\n\n\n\n<p class=\"has-text-align-center\">Vilko zostal l\u00e1skav\u00fd a&nbsp;pr\u00edtuln\u00fd. Nikdy by som nebola verila, \u017ee z&nbsp;n\u00e1\u0161ho nedotykov\u00e9ho tvrd\u00e9ho decka, bude tak\u00fd mojkac\u00ed mazn\u00e1\u010d. S\u00fa hodiny, ke\u010f sa s\u00edce len na p\u00e1r sek\u00fand, ale pr\u00edde prit\u00fali\u0165 aj 27x. Za hodinu! Rozt\u00e1pame sa. A&nbsp;rozt\u00e1pa t\u00fdm aj svoje terapeutky a&nbsp;opatrovate\u013eku. Navy\u0161e si za\u010dal st\u00e1le viac a&nbsp;viac priklada\u0165 hl\u00e1vku k&nbsp;svojmu ob\u013e\u00faben\u00e9mu predmetu, kni\u017eke, karti\u010dke&#8230;znamen\u00e1 to s\u00edce niekedy, \u017ee ho n\u00e1jdeme jak m\u00e1 hl\u00e1vku prilo\u017een\u00fa na skri\u0148u, kapotu auta alebo smetiak, no je to jasn\u00fd znak \u2013 toto m\u00e1m r\u00e1d! Aj teba ke\u010f sa k&nbsp;tebe priklad\u00e1m. \u010co je e\u0161te viac super, spolu s&nbsp;t\u00fdm sa zmiernilo aj jeho ne\u017eiaduce spr\u00e1vanie. Odporn\u00e9 spr\u00e1vanie ako k\u00fasanie, \u0161klbanie vlasov, \u0161t\u00edpanie holej ko\u017ee a&nbsp;facky. Vyskytuje sa to v&nbsp;na\u0161ich d\u0148och, no u\u017e to nie je tak neznesite\u013en\u00e9 ako bolo pred polrokom.<\/p>\n\n\n\n<p class=\"has-text-align-center\"><strong>Janu\u00e1r 2024 <\/strong><\/p>\n\n\n\n<p class=\"has-text-align-center\">Vilko je moment\u00e1lne vo veku 4,5 roka ment\u00e1lne ako pribli\u017ene jednoro\u010dn\u00e9 die\u0165atko.&nbsp; S&nbsp;t\u00fdm, \u017ee je \u00faplne neverb\u00e1lny, nerozpr\u00e1va. M\u00e1 celkom dobr\u00e9 porozumenie a&nbsp;tak komunikujeme inak. Rozumie z\u00e1kladn\u00fdm in\u0161trukci\u00e1m \u2013 \u201epo\u010f ideme papa\u0165 \/ von \/ hra\u0165 sa.\u201c \u201eAk si hladn\u00fd odsu\u0148 stoli\u010dku\u201c a&nbsp;on ju odsunie. Funguje aj \u201edaj\u201c, \u201edones\u201c. A&nbsp;ako pri ka\u017edom die\u0165ati v\u00f4bec nefunguje \u201enono\u201c pr\u00edpadne \u201enesmie\u0161!\u201c J&nbsp; T\u00fdm, \u017ee tr\u00e1vime ve\u013ea \u010dasu doma a&nbsp;\u010dinnosti sa v&nbsp;na\u0161ich d\u0148och opakuj\u00fa, nau\u010dil sa v&nbsp;nich orientova\u0165. Dok\u00e1\u017ee napodobni\u0165 \u0161tyri zvieratk\u00e1 \u2013 kravu, opicu, prasa a&nbsp;leva. U\u010d\u00edme sa piate \u2013 sliepo\u010dku. Vilko akoby neovl\u00e1da mimick\u00e9 svaly, prakticky okrem smiechu a&nbsp;pla\u010du sa jeho svaly vedome neh\u00fdbu. Neurob\u00ed \u017eiadnu grimasu, nevyplaz\u00ed jazyk, nef\u00fakne do svie\u010dky a&nbsp;podobne a&nbsp;tak sa ka\u017ed\u00fd \u010fal\u0161\u00ed zvuk u\u010d\u00ed ve\u013emi pomaly a&nbsp;\u0165a\u017eko.<\/p>\n\n\n\n<p class=\"has-text-align-center\">Trp\u00ed poruchou senzorickej integr\u00e1cie, aj preto sme si mysleli, \u017ee bude na autistickom spektre. Nie je n\u00e1m dodnes zn\u00e1me, pre\u010do Vilkov mozog nespracov\u00e1va podnety \u201ezdravo\u201c, no je to zrejme sp\u00f4soben\u00e9 aj dlhou hospitaliz\u00e1ciou po naroden\u00ed, nedoj\u010den\u00edm, zaost\u00e1van\u00edm v&nbsp;psychomotorickom v\u00fdvoji&#8230; U&nbsp;tak\u00fdchto det\u00ed ich mozog nespr\u00e1vne alebo nedostato\u010dne spracov\u00e1va a organizuje zmyslov\u00e9 vstupy, \u010do sa prejav\u00ed \u0165a\u017ekos\u0165ami v r\u00f4znych oblastiach ako s\u00fa: u\u010denie, motorika, spr\u00e1vanie. Maj\u00fa probl\u00e9my spracova\u0165 a&nbsp;integrova\u0165 zmyslov\u00e9 inform\u00e1cie, \u010do m\u00e1 vplyv na ich spr\u00e1vanie a&nbsp;u\u010denie. Vilkovi sa to prejavuje hyposenzitivitou (zn\u00ed\u017eenou, oslabenou citlivos\u0165ou, vn\u00edmavos\u0165ou) na okolit\u00e9 senzorick\u00e9 podnety \u2013 konkr\u00e9tne sa u\u0148ho prejavuje napr.zv\u00fd\u0161en\u00fdm vyh\u013ead\u00e1van\u00edm hluku, silnou potrebou dotykov, neust\u00e1le chytanie \u010di \u017emolenie nie\u010doho v ruke, d\u00e1vanie predmetov do \u00fast, potreba kol\u00edsania sa, hojdania sa a&nbsp;teda najm\u00e4 neust\u00e1lym k\u00fasan\u00edm&nbsp; do v\u0161etk\u00e9ho nav\u00f4kol. Nie je vec, objekt alebo predmet, ktor\u00fd by si nedal do \u00fast alebo sa nepok\u00fa\u0161al zakusn\u00fa\u0165. Vrcholom bolo, ke\u010f n\u00e1m v&nbsp;lete urobil zakusnut\u00fa \u201ezna\u010dku\u201c na kapote auta. Z\u00e1rove\u0148 m\u00e1 dos\u0165 dobr\u00fa imunitu, prakticky nem\u00e1va be\u017en\u00e9 detsk\u00e9 infekty, nako\u013eko olizuje napr\u00edklad aj k\u013eu\u010dky na br\u00e1nach bytoviek. K\u00fdm k&nbsp;nemu dobehnem a&nbsp;zak\u00e1\u017eem to, je v\u0161etko vyoblizovan\u00e9. V&nbsp;podstate si ako rodi\u010dia ne\u017eel\u00e1me u\u017e ni\u010d in\u00e9, len aby prestal k\u00fasa\u0165.<\/p>\n\n\n\n<p class=\"has-text-align-center\">Miluje kni\u017eky a&nbsp;obr\u00e1zkov\u00e9 karti\u010dky. Keby bolo na \u0148om str\u00e1vili by sme cel\u00e9 dni len listovan\u00edm v&nbsp;knih\u00e1ch a&nbsp;karti\u010dk\u00e1ch. Najrad\u0161ej si \u010d\u00edta tak, \u017ee st\u00e1le ukazuje na nejak\u00e9 predmety a&nbsp;vy mu pomenov\u00e1vate, \u010do vid\u00ed. Aj v\u010faka tomu rozozn\u00e1va farby a&nbsp;v\u0161elijak\u00e9 zvieratk\u00e1 a&nbsp;predmety. To\u013ekokr\u00e1t u\u017e po\u010dul, \u017ee na karti\u010dke je lev \/ poh\u00e1r \/ \u010derven\u00e1, \u017ee sa to nau\u010dil a&nbsp;tak v\u00e1m na po\u017eiadanie pod\u00e1 alebo uk\u00e1\u017ee, \u010do si prajete. Tu je pr\u00e1ve stra\u0161n\u00e1 nev\u00fdhoda to jeho k\u00fasanie. Zjedol pod\u013ea m\u0148a u\u017e minim\u00e1lne tri cel\u00e9 encyklop\u00e9die, ke\u010f sa to v\u0161etko spo\u010d\u00edta.<\/p>\n\n\n\n<p class=\"has-text-align-center\">Vilko po n\u00e1s nedok\u00e1\u017ee ni\u010d zimitova\u0165 ani napodobni\u0165. Nevie sa u\u010di\u0165 pozorovan\u00edm det\u00ed, ani dospel\u00fdch. Nie je to v&nbsp;jeho motorickej ani ment\u00e1lnej v\u00fdbave. Ak ho chceme nie\u010do nau\u010di\u0165, mus\u00edme to s&nbsp;n\u00edm robi\u0165 manu\u00e1lne najprv my, vol\u00e1 sa to promt. Dr\u017e\u00edme jeho r\u00fa\u010dky a&nbsp;rob\u00edme t\u00fa \u010dinnos\u0165 akoby za\u0148ho. Je tam predpoklad, \u017ee to postupne za\u010dne robi\u0165 s\u00e1m. V&nbsp;hrubej motorike na prv\u00fd poh\u013ead nezaost\u00e1va a\u017e tak ve\u013emi oproti rovesn\u00edkom, no nedok\u00e1\u017ee vyliez\u0165 na preliezku, jazdi\u0165 na odr\u00e1\u017eadle, neudr\u017e\u00ed sa na norm\u00e1lnej hojda\u010dke&#8230;Jemn\u00fa motoriku m\u00e1 v\u0161ak ve\u013emi nerozvinut\u00fa. Super je, \u017ee si dok\u00e1\u017ee u\u017e aspo\u0148 v\u00e4\u010d\u0161ie kusy jedla s\u00e1m r\u00fa\u010dkou napcha\u0165 do \u00fast. Pou\u017e\u00edvanie ly\u017ei\u010dky je pre n\u00e1s aktu\u00e1lne scifi m\u00e9ta.<\/p>\n\n\n\n<p class=\"has-text-align-center\">Zatia\u013e nechod\u00ed do \u0161k\u00f4lky, \u010das s&nbsp;n\u00edm tr\u00e1vim doma ja, miestami sa striedam s&nbsp;man\u017eelom a&nbsp;dva dni v&nbsp;t\u00fd\u017edni m\u00e1 Vilu\u0161ko opatrovate\u013eku Viki. Ver\u00edme, \u017ee sa n\u00e1m podar\u00ed vybavi\u0165 \u0161peci\u00e1lna \u0161k\u00f4lka od septembra 2024. Viki je s&nbsp;n\u00edm pripraven\u00e1 nast\u00fapi\u0165 do \u0161k\u00f4lky tie\u017e, ako jeho asistentka.<\/p>\n\n\n\n<p class=\"has-text-align-center\">Vilu\u0161ko m\u00e1 od narodenia probl\u00e9my s&nbsp;vypr\u00e1zd\u0148ovan\u00edm a&nbsp;je plienkovan\u00fd. &nbsp;O\u010dk\u00e1 sa mu rozbiehaj\u00fa na v\u0161etky strany \u2013 \u010dasto \u0161k\u00fali. Je alergick\u00fd na kravsk\u00e9 mlieko a&nbsp;ve\u013emi siln\u00fa alergiu m\u00e1 aj na vla\u0161sk\u00e9 a&nbsp;lieskov\u00e9 orechy. \u0160peci\u00e1lny syndr\u00f3m u\u0148ho zatia\u013e genetici neobjavili, st\u00e1le prebieha vy\u0161etrovanie. &nbsp;<\/p>\n\n\n\n<p class=\"has-text-align-center\">Nateraz sa dvaja nez\u00e1visl\u00ed pedopsychiatri&nbsp; zhodli na tom, \u017ee u&nbsp;Vilu\u0161ka ide o&nbsp;stredne \u0165a\u017ek\u00e9 a\u017e \u0165a\u017ek\u00e9 ment\u00e1lne zaost\u00e1vanie. Je e\u0161te mal\u00fd, na uzavretie fin\u00e1lnej diagn\u00f3zy mus\u00edme po\u010dka\u0165 pribli\u017ene do jeho \u0161iestych naroden\u00edn, \u010do je v&nbsp;septembri 2025. V&nbsp;j\u00fani 2024 Vilu\u0161ko absolvoval dovy\u0161etrenie na neurologickom oddelen\u00ed v Brne, \u010do vyl\u00fa\u010dilo mikrocef\u00e1liu a&nbsp;nateraz ani neobjavilo \u017eiadne \u010fal\u0161ie po\u0161kodenia mozgu. &nbsp;Tak\u017ee dobr\u00e1 spr\u00e1va.<\/p>\n\n\n\n<p>Najaktu\u00e1lnej\u0161ie inform\u00e1cie su na na\u0161om <a href=\"https:\/\/www.instagram.com\/velkymaly_princ\/\" target=\"_blank\" rel=\"noreferrer noopener\">Instagrame<\/a>.<\/p>\n","protected":false},"excerpt":{"rendered":"<p>Vilko aktu\u00e1lne Janu\u00e1r 2025 \u0164a\u017eko sa kvantifikuje a&nbsp;d\u00e1va do slov, \u010do Vilko za posledn\u00fd rok dok\u00e1zal. S\u00fa to zmeny doslova mal\u00e9, malinkat\u00e9, no v\u00fdznamovo pre n\u00e1s ve\u013ek\u00e9 a\u017e obrovsk\u00e9. Od augusta je Vilu\u0161ko v&nbsp;intenz\u00edvnej ABA terapii, kde ho terapeutka Ivka pod\u013ea pl\u00e1nu driluje r\u00f4zne veci \u2013 pos\u00fava komunik\u00e1ciu, porozumenie in\u0161trukcii: \u201eurob toto\u201c, napodob\u0148ovanie, tr\u00e9nuj\u00fa na [&hellip;]<\/p>\n","protected":false},"author":1,"featured_media":0,"parent":0,"menu_order":0,"comment_status":"closed","ping_status":"closed","template":"","meta":{"_monsterinsights_skip_tracking":false,"_monsterinsights_sitenote_active":false,"_monsterinsights_sitenote_note":"","_monsterinsights_sitenote_category":0,"footnotes":""},"class_list":["post-80","page","type-page","status-publish","hentry"],"yoast_head":"<!-- This site is optimized with the Yoast SEO plugin v26.8 - https:\/\/yoast.com\/product\/yoast-seo-wordpress\/ -->\n<title>Vilko aktu\u00e1lne - ve\u013ek\u00fd mal\u00fd princ<\/title>\n<meta name=\"robots\" content=\"index, follow, max-snippet:-1, max-image-preview:large, max-video-preview:-1\" \/>\n<link rel=\"canonical\" href=\"https:\/\/www.velkymalyprinc.sk\/?page_id=80\" \/>\n<meta property=\"og:locale\" content=\"sk_SK\" \/>\n<meta property=\"og:type\" content=\"article\" \/>\n<meta property=\"og:title\" content=\"Vilko aktu\u00e1lne - ve\u013ek\u00fd mal\u00fd princ\" \/>\n<meta property=\"og:description\" content=\"Vilko aktu\u00e1lne Janu\u00e1r 2025 \u0164a\u017eko sa kvantifikuje a&nbsp;d\u00e1va do slov, \u010do Vilko za posledn\u00fd rok dok\u00e1zal. S\u00fa to zmeny doslova mal\u00e9, malinkat\u00e9, no v\u00fdznamovo pre n\u00e1s ve\u013ek\u00e9 a\u017e obrovsk\u00e9. Od augusta je Vilu\u0161ko v&nbsp;intenz\u00edvnej ABA terapii, kde ho terapeutka Ivka pod\u013ea pl\u00e1nu driluje r\u00f4zne veci \u2013 pos\u00fava komunik\u00e1ciu, porozumenie in\u0161trukcii: \u201eurob toto\u201c, napodob\u0148ovanie, tr\u00e9nuj\u00fa na [&hellip;]\" \/>\n<meta property=\"og:url\" content=\"https:\/\/www.velkymalyprinc.sk\/?page_id=80\" \/>\n<meta property=\"og:site_name\" content=\"ve\u013ek\u00fd mal\u00fd princ\" \/>\n<meta property=\"article:modified_time\" content=\"2025-01-26T19:44:33+00:00\" \/>\n<meta property=\"og:image\" content=\"https:\/\/www.velkymalyprinc.sk\/wp-content\/uploads\/2025\/01\/3.png\" \/>\n\t<meta property=\"og:image:width\" content=\"414\" \/>\n\t<meta property=\"og:image:height\" content=\"405\" \/>\n\t<meta property=\"og:image:type\" content=\"image\/png\" \/>\n<meta name=\"twitter:card\" content=\"summary_large_image\" \/>\n<meta name=\"twitter:label1\" content=\"Predpokladan\u00fd \u010das \u010d\u00edtania\" \/>\n\t<meta name=\"twitter:data1\" content=\"7 min\u00fat\" \/>\n<script type=\"application\/ld+json\" class=\"yoast-schema-graph\">{\"@context\":\"https:\/\/schema.org\",\"@graph\":[{\"@type\":\"WebPage\",\"@id\":\"https:\/\/www.velkymalyprinc.sk\/?page_id=80\",\"url\":\"https:\/\/www.velkymalyprinc.sk\/?page_id=80\",\"name\":\"Vilko aktu\u00e1lne - ve\u013ek\u00fd mal\u00fd princ\",\"isPartOf\":{\"@id\":\"https:\/\/www.velkymalyprinc.sk\/#website\"},\"primaryImageOfPage\":{\"@id\":\"https:\/\/www.velkymalyprinc.sk\/?page_id=80#primaryimage\"},\"image\":{\"@id\":\"https:\/\/www.velkymalyprinc.sk\/?page_id=80#primaryimage\"},\"thumbnailUrl\":\"https:\/\/www.velkymalyprinc.sk\/wp-content\/uploads\/2025\/01\/3.png\",\"datePublished\":\"2024-01-08T21:27:50+00:00\",\"dateModified\":\"2025-01-26T19:44:33+00:00\",\"breadcrumb\":{\"@id\":\"https:\/\/www.velkymalyprinc.sk\/?page_id=80#breadcrumb\"},\"inLanguage\":\"sk-SK\",\"potentialAction\":[{\"@type\":\"ReadAction\",\"target\":[\"https:\/\/www.velkymalyprinc.sk\/?page_id=80\"]}]},{\"@type\":\"ImageObject\",\"inLanguage\":\"sk-SK\",\"@id\":\"https:\/\/www.velkymalyprinc.sk\/?page_id=80#primaryimage\",\"url\":\"https:\/\/www.velkymalyprinc.sk\/wp-content\/uploads\/2025\/01\/3.png\",\"contentUrl\":\"https:\/\/www.velkymalyprinc.sk\/wp-content\/uploads\/2025\/01\/3.png\",\"width\":414,\"height\":405},{\"@type\":\"BreadcrumbList\",\"@id\":\"https:\/\/www.velkymalyprinc.sk\/?page_id=80#breadcrumb\",\"itemListElement\":[{\"@type\":\"ListItem\",\"position\":1,\"name\":\"Home\",\"item\":\"https:\/\/www.velkymalyprinc.sk\/\"},{\"@type\":\"ListItem\",\"position\":2,\"name\":\"Vilko aktu\u00e1lne\"}]},{\"@type\":\"WebSite\",\"@id\":\"https:\/\/www.velkymalyprinc.sk\/#website\",\"url\":\"https:\/\/www.velkymalyprinc.sk\/\",\"name\":\"ve\u013ek\u00fd mal\u00fd princ\",\"description\":\"\",\"potentialAction\":[{\"@type\":\"SearchAction\",\"target\":{\"@type\":\"EntryPoint\",\"urlTemplate\":\"https:\/\/www.velkymalyprinc.sk\/?s={search_term_string}\"},\"query-input\":{\"@type\":\"PropertyValueSpecification\",\"valueRequired\":true,\"valueName\":\"search_term_string\"}}],\"inLanguage\":\"sk-SK\"}]}<\/script>\n<!-- \/ Yoast SEO plugin. -->","yoast_head_json":{"title":"Vilko aktu\u00e1lne - ve\u013ek\u00fd mal\u00fd princ","robots":{"index":"index","follow":"follow","max-snippet":"max-snippet:-1","max-image-preview":"max-image-preview:large","max-video-preview":"max-video-preview:-1"},"canonical":"https:\/\/www.velkymalyprinc.sk\/?page_id=80","og_locale":"sk_SK","og_type":"article","og_title":"Vilko aktu\u00e1lne - ve\u013ek\u00fd mal\u00fd princ","og_description":"Vilko aktu\u00e1lne Janu\u00e1r 2025 \u0164a\u017eko sa kvantifikuje a&nbsp;d\u00e1va do slov, \u010do Vilko za posledn\u00fd rok dok\u00e1zal. S\u00fa to zmeny doslova mal\u00e9, malinkat\u00e9, no v\u00fdznamovo pre n\u00e1s ve\u013ek\u00e9 a\u017e obrovsk\u00e9. Od augusta je Vilu\u0161ko v&nbsp;intenz\u00edvnej ABA terapii, kde ho terapeutka Ivka pod\u013ea pl\u00e1nu driluje r\u00f4zne veci \u2013 pos\u00fava komunik\u00e1ciu, porozumenie in\u0161trukcii: \u201eurob toto\u201c, napodob\u0148ovanie, tr\u00e9nuj\u00fa na [&hellip;]","og_url":"https:\/\/www.velkymalyprinc.sk\/?page_id=80","og_site_name":"ve\u013ek\u00fd mal\u00fd princ","article_modified_time":"2025-01-26T19:44:33+00:00","og_image":[{"width":414,"height":405,"url":"https:\/\/www.velkymalyprinc.sk\/wp-content\/uploads\/2025\/01\/3.png","type":"image\/png"}],"twitter_card":"summary_large_image","twitter_misc":{"Predpokladan\u00fd \u010das \u010d\u00edtania":"7 min\u00fat"},"schema":{"@context":"https:\/\/schema.org","@graph":[{"@type":"WebPage","@id":"https:\/\/www.velkymalyprinc.sk\/?page_id=80","url":"https:\/\/www.velkymalyprinc.sk\/?page_id=80","name":"Vilko aktu\u00e1lne - ve\u013ek\u00fd mal\u00fd princ","isPartOf":{"@id":"https:\/\/www.velkymalyprinc.sk\/#website"},"primaryImageOfPage":{"@id":"https:\/\/www.velkymalyprinc.sk\/?page_id=80#primaryimage"},"image":{"@id":"https:\/\/www.velkymalyprinc.sk\/?page_id=80#primaryimage"},"thumbnailUrl":"https:\/\/www.velkymalyprinc.sk\/wp-content\/uploads\/2025\/01\/3.png","datePublished":"2024-01-08T21:27:50+00:00","dateModified":"2025-01-26T19:44:33+00:00","breadcrumb":{"@id":"https:\/\/www.velkymalyprinc.sk\/?page_id=80#breadcrumb"},"inLanguage":"sk-SK","potentialAction":[{"@type":"ReadAction","target":["https:\/\/www.velkymalyprinc.sk\/?page_id=80"]}]},{"@type":"ImageObject","inLanguage":"sk-SK","@id":"https:\/\/www.velkymalyprinc.sk\/?page_id=80#primaryimage","url":"https:\/\/www.velkymalyprinc.sk\/wp-content\/uploads\/2025\/01\/3.png","contentUrl":"https:\/\/www.velkymalyprinc.sk\/wp-content\/uploads\/2025\/01\/3.png","width":414,"height":405},{"@type":"BreadcrumbList","@id":"https:\/\/www.velkymalyprinc.sk\/?page_id=80#breadcrumb","itemListElement":[{"@type":"ListItem","position":1,"name":"Home","item":"https:\/\/www.velkymalyprinc.sk\/"},{"@type":"ListItem","position":2,"name":"Vilko aktu\u00e1lne"}]},{"@type":"WebSite","@id":"https:\/\/www.velkymalyprinc.sk\/#website","url":"https:\/\/www.velkymalyprinc.sk\/","name":"ve\u013ek\u00fd mal\u00fd princ","description":"","potentialAction":[{"@type":"SearchAction","target":{"@type":"EntryPoint","urlTemplate":"https:\/\/www.velkymalyprinc.sk\/?s={search_term_string}"},"query-input":{"@type":"PropertyValueSpecification","valueRequired":true,"valueName":"search_term_string"}}],"inLanguage":"sk-SK"}]}},"_links":{"self":[{"href":"https:\/\/www.velkymalyprinc.sk\/index.php?rest_route=\/wp\/v2\/pages\/80","targetHints":{"allow":["GET"]}}],"collection":[{"href":"https:\/\/www.velkymalyprinc.sk\/index.php?rest_route=\/wp\/v2\/pages"}],"about":[{"href":"https:\/\/www.velkymalyprinc.sk\/index.php?rest_route=\/wp\/v2\/types\/page"}],"author":[{"embeddable":true,"href":"https:\/\/www.velkymalyprinc.sk\/index.php?rest_route=\/wp\/v2\/users\/1"}],"replies":[{"embeddable":true,"href":"https:\/\/www.velkymalyprinc.sk\/index.php?rest_route=%2Fwp%2Fv2%2Fcomments&post=80"}],"version-history":[{"count":6,"href":"https:\/\/www.velkymalyprinc.sk\/index.php?rest_route=\/wp\/v2\/pages\/80\/revisions"}],"predecessor-version":[{"id":270,"href":"https:\/\/www.velkymalyprinc.sk\/index.php?rest_route=\/wp\/v2\/pages\/80\/revisions\/270"}],"wp:attachment":[{"href":"https:\/\/www.velkymalyprinc.sk\/index.php?rest_route=%2Fwp%2Fv2%2Fmedia&parent=80"}],"curies":[{"name":"wp","href":"https:\/\/api.w.org\/{rel}","templated":true}]}}