{"id":82,"date":"2024-01-08T22:28:09","date_gmt":"2024-01-08T21:28:09","guid":{"rendered":"https:\/\/www.velkymalyprinc.sk\/?page_id=82"},"modified":"2025-01-26T20:59:40","modified_gmt":"2025-01-26T19:59:40","slug":"vilkove-potreby","status":"publish","type":"page","link":"https:\/\/www.velkymalyprinc.sk\/?page_id=82","title":{"rendered":"Vilkove potreby"},"content":{"rendered":"\n<h2 class=\"wp-block-heading\">Vilkove potreby<\/h2>\n\n\n\n<figure class=\"wp-block-image size-full is-resized\"><img loading=\"lazy\" decoding=\"async\" width=\"405\" height=\"405\" src=\"https:\/\/www.velkymalyprinc.sk\/wp-content\/uploads\/2025\/01\/kresba-delfin-1.png\" alt=\"\" class=\"wp-image-282\" style=\"width:446px\" srcset=\"https:\/\/www.velkymalyprinc.sk\/wp-content\/uploads\/2025\/01\/kresba-delfin-1.png 405w, https:\/\/www.velkymalyprinc.sk\/wp-content\/uploads\/2025\/01\/kresba-delfin-1-300x300.png 300w, https:\/\/www.velkymalyprinc.sk\/wp-content\/uploads\/2025\/01\/kresba-delfin-1-150x150.png 150w\" sizes=\"auto, (max-width: 405px) 100vw, 405px\" \/><\/figure>\n\n\n\n<p class=\"has-text-align-left\">U&nbsp;Vilka je st\u00e1le najd\u00f4le\u017eitej\u0161ia a najefekt\u00edvnej\u0161ia individu\u00e1lna terapia. Super v\u00fdsledky dosahuje v ABA terapii (viac \u010d\u00edtaj Vilko &#8222;aktu\u00e1lne&#8220;) Od augusta 24 nav\u0161tevuje Srdce autizmu, centrum pre deti s&nbsp;PAS a&nbsp;in\u00fdmi poruchami v\u00fdvinu. V&nbsp;ABA terapii sa dovzdel\u00e1vame aj my rodi\u010dia, konzultujeme s&nbsp;pedag\u00f3gmi v&nbsp;centre, aby sme s&nbsp;Vilkom systematicky pracovali aj doma. Z\u00e1rove\u0148 je to pre\u0148ho aj tak\u00e1 \u201e\u0161k\u00f4lo\u010dka\u201c, stret\u00e1va in\u00e9 deti, tr\u00e1vi tam \u010das bez n\u00e1s &#8211; rodi\u010dov, u\u010d\u00ed sa tam chodi\u0165 na toaletu&#8230;<\/p>\n\n\n\n<p>40\u20ac \/ 60 min\u00fat (absolvuje 7-9 hod\u00edn t\u00fd\u017edenne)<\/p>\n\n\n\n<p>V&nbsp;m\u00e1ji 2026 by sme chceli \u00eds\u0165 na Delf\u00ednoterapiu k&nbsp;\u010desk\u00fdm terapeutom do Turecka. Vilko m\u00e1 u\u017e v\u0161etky predpoklady na to, aby pre\u0148ho bola terapia \u00faspe\u0161n\u00e1, do sklada\u010dky ch\u00fdbal len predpoklad, \u017ee za\u010dne ma\u0165 r\u00e1d zvieratk\u00e1. Za\u010dal ich ma\u0165 dokonca ve\u013emi r\u00e1d, vyh\u013ead\u00e1va ich aj v&nbsp;kni\u017ek\u00e1ch, aj na ulici a&nbsp;miluje zvieratkovsk\u00e9 vide\u00e1. Terapia sa m\u00f4\u017ee uskuto\u010dni\u0165 ak sa n\u00e1m podar\u00ed vyzbiera\u0165 dostato\u010dn\u00e9 financie z 2% za rok 2024, ktor\u00e9 n\u00e1m bud\u00fa kvapka\u0165 v&nbsp;roku 2025. Komplikovan\u00e9 ? Mo\u017eno tro\u0161ku, hlavn\u00e9 je, \u017ee to zatia\u013e \u201evl\u00e1da\u201c nezru\u0161ila. Z\u00e1rove\u0148 by to pre n\u00e1s bola rodinn\u00e1 dovolenka po troch rokoch odkedy sme sa k\u00fapali v&nbsp;mori.&nbsp; #fingerscrossed<\/p>\n\n\n\n<p>Delf\u00ednoterapia 280\u20ac \/ 30 min. (denne po dobu 10 dn\u00ed)<\/p>\n\n\n\n<p>Hotel, letenky, ubytovanie pre 3 \u010dlenn\u00fa rodinu \u2013 pribli\u017ene 3000\u20ac<\/p>\n\n\n\n<p>Spolu: pribli\u017ene 6000\u20ac<\/p>\n\n\n\n<p>Cielene pracujeme na podpore schopnosti &nbsp;jeho senzorickej integr\u00e1cie. Cvi\u010d\u00edme TSMT met\u00f3du pod odborn\u00fdm doh\u013eadom&nbsp; pani Mgr. Jany Mur\u00e1nskej, PhD. v&nbsp;RATA o.z. V&nbsp;j\u00fali 2024 sme tie\u017e boli na konzult\u00e1cii u&nbsp;pani Repaskej&nbsp; v&nbsp;Poprade (TiJa \u2013 terapeutick\u00e9 ihrisko). Vypracovala Vilkovi senzorick\u00fd profil a&nbsp;konzultujeme s&nbsp;\u0148ou na dia\u013eku Vilkove potreby.<\/p>\n\n\n\n<p>RATA 60\u20ac \/ 60 min\u00fat<\/p>\n\n\n\n<p class=\"has-text-align-left\">TiJa 40\u20ac \/ 50 min\u00fat <\/p>\n\n\n\n<p class=\"has-text-align-left\">Vilkov stav nie je v\u00f4bec nemenn\u00fd, potrebuje v\u0161ak \u010das a&nbsp;dril \u2013 cvi\u010denie na v\u0161etk\u00fdch frontoch \u2013&nbsp; \u0161peci\u00e1lne pedagogick\u00e9 centr\u00e1, logop\u00e9diu, rehabilit\u00e1ciu a&nbsp;individu\u00e1lne terapie. Mal\u00e9 ve\u013ek\u00e9 z\u00e1zraky za\u017e\u00edvame ka\u017ed\u00fd t\u00fd\u017ede\u0148 \u2013 sna\u017e\u00edme sa z&nbsp;n\u00e1\u0161ho tmavomodr\u00e9ho sveta, spravi\u0165 aspo\u0148 belas\u00fd. \u010ci u\u017e ste rodina, bl\u00edzki priatelia, zn\u00e1mi, nezn\u00e1mi, ktor\u00ed &nbsp;vlastne Vil\u00fa\u0161ika nepoznaj\u00fa, ve\u013emi si cen\u00edme ka\u017ed\u00fa finan\u010dn\u00fa pomoc.<\/p>\n\n\n\n<p class=\"has-text-align-center\">\u010eAKUJEME<\/p>\n\n\n\n<p class=\"has-text-align-center\">______________<\/p>\n\n\n\n<p><\/p>\n","protected":false},"excerpt":{"rendered":"<p>Vilkove potreby U&nbsp;Vilka je st\u00e1le najd\u00f4le\u017eitej\u0161ia a najefekt\u00edvnej\u0161ia individu\u00e1lna terapia. Super v\u00fdsledky dosahuje v ABA terapii (viac \u010d\u00edtaj Vilko &#8222;aktu\u00e1lne&#8220;) Od augusta 24 nav\u0161tevuje Srdce autizmu, centrum pre deti s&nbsp;PAS a&nbsp;in\u00fdmi poruchami v\u00fdvinu. V&nbsp;ABA terapii sa dovzdel\u00e1vame aj my rodi\u010dia, konzultujeme s&nbsp;pedag\u00f3gmi v&nbsp;centre, aby sme s&nbsp;Vilkom systematicky pracovali aj doma. Z\u00e1rove\u0148 je to pre\u0148ho aj [&hellip;]<\/p>\n","protected":false},"author":1,"featured_media":0,"parent":0,"menu_order":0,"comment_status":"closed","ping_status":"closed","template":"","meta":{"_monsterinsights_skip_tracking":false,"_monsterinsights_sitenote_active":false,"_monsterinsights_sitenote_note":"","_monsterinsights_sitenote_category":0,"footnotes":""},"class_list":["post-82","page","type-page","status-publish","hentry"],"yoast_head":"<!-- This site is optimized with the Yoast SEO plugin v26.8 - https:\/\/yoast.com\/product\/yoast-seo-wordpress\/ -->\n<title>Vilkove potreby - ve\u013ek\u00fd mal\u00fd princ<\/title>\n<meta name=\"description\" content=\"TSMT, ABA, SNOEZELEN, LOGO ARMANDI THERAPY CLINIC, senzorick\u00e1 integr\u00e1cia, centr\u00e1lna nervov\u00e1 s\u00fastava, motorick\u00e1 koordin\u00e1cia, ABA terapia\" \/>\n<meta name=\"robots\" content=\"index, follow, max-snippet:-1, max-image-preview:large, max-video-preview:-1\" \/>\n<link rel=\"canonical\" href=\"https:\/\/www.velkymalyprinc.sk\/?page_id=82\" \/>\n<meta property=\"og:locale\" content=\"sk_SK\" \/>\n<meta property=\"og:type\" content=\"article\" \/>\n<meta property=\"og:title\" content=\"Vilkove potreby - ve\u013ek\u00fd mal\u00fd princ\" \/>\n<meta property=\"og:description\" content=\"TSMT, ABA, SNOEZELEN, LOGO ARMANDI THERAPY CLINIC, senzorick\u00e1 integr\u00e1cia, centr\u00e1lna nervov\u00e1 s\u00fastava, motorick\u00e1 koordin\u00e1cia, ABA terapia\" \/>\n<meta property=\"og:url\" content=\"https:\/\/www.velkymalyprinc.sk\/?page_id=82\" \/>\n<meta property=\"og:site_name\" content=\"ve\u013ek\u00fd mal\u00fd princ\" \/>\n<meta property=\"article:modified_time\" content=\"2025-01-26T19:59:40+00:00\" \/>\n<meta property=\"og:image\" content=\"https:\/\/www.velkymalyprinc.sk\/wp-content\/uploads\/2025\/01\/kresba-delfin-1.png\" \/>\n\t<meta property=\"og:image:width\" content=\"405\" \/>\n\t<meta property=\"og:image:height\" content=\"405\" \/>\n\t<meta property=\"og:image:type\" content=\"image\/png\" \/>\n<meta name=\"twitter:card\" content=\"summary_large_image\" \/>\n<meta name=\"twitter:label1\" content=\"Predpokladan\u00fd \u010das \u010d\u00edtania\" \/>\n\t<meta name=\"twitter:data1\" content=\"3 min\u00faty\" \/>\n<script type=\"application\/ld+json\" class=\"yoast-schema-graph\">{\"@context\":\"https:\/\/schema.org\",\"@graph\":[{\"@type\":\"WebPage\",\"@id\":\"https:\/\/www.velkymalyprinc.sk\/?page_id=82\",\"url\":\"https:\/\/www.velkymalyprinc.sk\/?page_id=82\",\"name\":\"Vilkove potreby - ve\u013ek\u00fd mal\u00fd princ\",\"isPartOf\":{\"@id\":\"https:\/\/www.velkymalyprinc.sk\/#website\"},\"primaryImageOfPage\":{\"@id\":\"https:\/\/www.velkymalyprinc.sk\/?page_id=82#primaryimage\"},\"image\":{\"@id\":\"https:\/\/www.velkymalyprinc.sk\/?page_id=82#primaryimage\"},\"thumbnailUrl\":\"https:\/\/www.velkymalyprinc.sk\/wp-content\/uploads\/2025\/01\/kresba-delfin-1.png\",\"datePublished\":\"2024-01-08T21:28:09+00:00\",\"dateModified\":\"2025-01-26T19:59:40+00:00\",\"description\":\"TSMT, ABA, SNOEZELEN, LOGO ARMANDI THERAPY CLINIC, senzorick\u00e1 integr\u00e1cia, centr\u00e1lna nervov\u00e1 s\u00fastava, motorick\u00e1 koordin\u00e1cia, ABA terapia\",\"breadcrumb\":{\"@id\":\"https:\/\/www.velkymalyprinc.sk\/?page_id=82#breadcrumb\"},\"inLanguage\":\"sk-SK\",\"potentialAction\":[{\"@type\":\"ReadAction\",\"target\":[\"https:\/\/www.velkymalyprinc.sk\/?page_id=82\"]}]},{\"@type\":\"ImageObject\",\"inLanguage\":\"sk-SK\",\"@id\":\"https:\/\/www.velkymalyprinc.sk\/?page_id=82#primaryimage\",\"url\":\"https:\/\/www.velkymalyprinc.sk\/wp-content\/uploads\/2025\/01\/kresba-delfin-1.png\",\"contentUrl\":\"https:\/\/www.velkymalyprinc.sk\/wp-content\/uploads\/2025\/01\/kresba-delfin-1.png\",\"width\":405,\"height\":405},{\"@type\":\"BreadcrumbList\",\"@id\":\"https:\/\/www.velkymalyprinc.sk\/?page_id=82#breadcrumb\",\"itemListElement\":[{\"@type\":\"ListItem\",\"position\":1,\"name\":\"Home\",\"item\":\"https:\/\/www.velkymalyprinc.sk\/\"},{\"@type\":\"ListItem\",\"position\":2,\"name\":\"Vilkove potreby\"}]},{\"@type\":\"WebSite\",\"@id\":\"https:\/\/www.velkymalyprinc.sk\/#website\",\"url\":\"https:\/\/www.velkymalyprinc.sk\/\",\"name\":\"ve\u013ek\u00fd mal\u00fd princ\",\"description\":\"\",\"potentialAction\":[{\"@type\":\"SearchAction\",\"target\":{\"@type\":\"EntryPoint\",\"urlTemplate\":\"https:\/\/www.velkymalyprinc.sk\/?s={search_term_string}\"},\"query-input\":{\"@type\":\"PropertyValueSpecification\",\"valueRequired\":true,\"valueName\":\"search_term_string\"}}],\"inLanguage\":\"sk-SK\"}]}<\/script>\n<!-- \/ Yoast SEO plugin. -->","yoast_head_json":{"title":"Vilkove potreby - ve\u013ek\u00fd mal\u00fd princ","description":"TSMT, ABA, SNOEZELEN, LOGO ARMANDI THERAPY CLINIC, senzorick\u00e1 integr\u00e1cia, centr\u00e1lna nervov\u00e1 s\u00fastava, motorick\u00e1 koordin\u00e1cia, ABA terapia","robots":{"index":"index","follow":"follow","max-snippet":"max-snippet:-1","max-image-preview":"max-image-preview:large","max-video-preview":"max-video-preview:-1"},"canonical":"https:\/\/www.velkymalyprinc.sk\/?page_id=82","og_locale":"sk_SK","og_type":"article","og_title":"Vilkove potreby - ve\u013ek\u00fd mal\u00fd princ","og_description":"TSMT, ABA, SNOEZELEN, LOGO ARMANDI THERAPY CLINIC, senzorick\u00e1 integr\u00e1cia, centr\u00e1lna nervov\u00e1 s\u00fastava, motorick\u00e1 koordin\u00e1cia, ABA terapia","og_url":"https:\/\/www.velkymalyprinc.sk\/?page_id=82","og_site_name":"ve\u013ek\u00fd mal\u00fd princ","article_modified_time":"2025-01-26T19:59:40+00:00","og_image":[{"width":405,"height":405,"url":"https:\/\/www.velkymalyprinc.sk\/wp-content\/uploads\/2025\/01\/kresba-delfin-1.png","type":"image\/png"}],"twitter_card":"summary_large_image","twitter_misc":{"Predpokladan\u00fd \u010das \u010d\u00edtania":"3 min\u00faty"},"schema":{"@context":"https:\/\/schema.org","@graph":[{"@type":"WebPage","@id":"https:\/\/www.velkymalyprinc.sk\/?page_id=82","url":"https:\/\/www.velkymalyprinc.sk\/?page_id=82","name":"Vilkove potreby - ve\u013ek\u00fd mal\u00fd princ","isPartOf":{"@id":"https:\/\/www.velkymalyprinc.sk\/#website"},"primaryImageOfPage":{"@id":"https:\/\/www.velkymalyprinc.sk\/?page_id=82#primaryimage"},"image":{"@id":"https:\/\/www.velkymalyprinc.sk\/?page_id=82#primaryimage"},"thumbnailUrl":"https:\/\/www.velkymalyprinc.sk\/wp-content\/uploads\/2025\/01\/kresba-delfin-1.png","datePublished":"2024-01-08T21:28:09+00:00","dateModified":"2025-01-26T19:59:40+00:00","description":"TSMT, ABA, SNOEZELEN, LOGO ARMANDI THERAPY CLINIC, senzorick\u00e1 integr\u00e1cia, centr\u00e1lna nervov\u00e1 s\u00fastava, motorick\u00e1 koordin\u00e1cia, ABA terapia","breadcrumb":{"@id":"https:\/\/www.velkymalyprinc.sk\/?page_id=82#breadcrumb"},"inLanguage":"sk-SK","potentialAction":[{"@type":"ReadAction","target":["https:\/\/www.velkymalyprinc.sk\/?page_id=82"]}]},{"@type":"ImageObject","inLanguage":"sk-SK","@id":"https:\/\/www.velkymalyprinc.sk\/?page_id=82#primaryimage","url":"https:\/\/www.velkymalyprinc.sk\/wp-content\/uploads\/2025\/01\/kresba-delfin-1.png","contentUrl":"https:\/\/www.velkymalyprinc.sk\/wp-content\/uploads\/2025\/01\/kresba-delfin-1.png","width":405,"height":405},{"@type":"BreadcrumbList","@id":"https:\/\/www.velkymalyprinc.sk\/?page_id=82#breadcrumb","itemListElement":[{"@type":"ListItem","position":1,"name":"Home","item":"https:\/\/www.velkymalyprinc.sk\/"},{"@type":"ListItem","position":2,"name":"Vilkove potreby"}]},{"@type":"WebSite","@id":"https:\/\/www.velkymalyprinc.sk\/#website","url":"https:\/\/www.velkymalyprinc.sk\/","name":"ve\u013ek\u00fd mal\u00fd princ","description":"","potentialAction":[{"@type":"SearchAction","target":{"@type":"EntryPoint","urlTemplate":"https:\/\/www.velkymalyprinc.sk\/?s={search_term_string}"},"query-input":{"@type":"PropertyValueSpecification","valueRequired":true,"valueName":"search_term_string"}}],"inLanguage":"sk-SK"}]}},"_links":{"self":[{"href":"https:\/\/www.velkymalyprinc.sk\/index.php?rest_route=\/wp\/v2\/pages\/82","targetHints":{"allow":["GET"]}}],"collection":[{"href":"https:\/\/www.velkymalyprinc.sk\/index.php?rest_route=\/wp\/v2\/pages"}],"about":[{"href":"https:\/\/www.velkymalyprinc.sk\/index.php?rest_route=\/wp\/v2\/types\/page"}],"author":[{"embeddable":true,"href":"https:\/\/www.velkymalyprinc.sk\/index.php?rest_route=\/wp\/v2\/users\/1"}],"replies":[{"embeddable":true,"href":"https:\/\/www.velkymalyprinc.sk\/index.php?rest_route=%2Fwp%2Fv2%2Fcomments&post=82"}],"version-history":[{"count":6,"href":"https:\/\/www.velkymalyprinc.sk\/index.php?rest_route=\/wp\/v2\/pages\/82\/revisions"}],"predecessor-version":[{"id":283,"href":"https:\/\/www.velkymalyprinc.sk\/index.php?rest_route=\/wp\/v2\/pages\/82\/revisions\/283"}],"wp:attachment":[{"href":"https:\/\/www.velkymalyprinc.sk\/index.php?rest_route=%2Fwp%2Fv2%2Fmedia&parent=82"}],"curies":[{"name":"wp","href":"https:\/\/api.w.org\/{rel}","templated":true}]}}